{"id":2,"date":"2016-05-10T03:48:21","date_gmt":"2016-05-10T03:48:21","guid":{"rendered":"http:\/\/foerderverein-steelers.de\/?page_id=2"},"modified":"2024-10-15T08:41:05","modified_gmt":"2024-10-15T07:41:05","slug":"sample-page","status":"publish","type":"page","link":"https:\/\/foerderverein-steelers.de\/","title":{"rendered":"Das Overtime &#8211; Vereinsheim des F\u00f6rdervereins"},"content":{"rendered":"\n<figure class=\"wp-block-image size-full\"><img loading=\"lazy\" decoding=\"async\" width=\"1024\" height=\"576\" src=\"https:\/\/foerderverein-steelers.de\/wp-content\/uploads\/2024\/10\/000110.jpg\" alt=\"\" class=\"wp-image-1154\" srcset=\"https:\/\/foerderverein-steelers.de\/wp-content\/uploads\/2024\/10\/000110.jpg 1024w, https:\/\/foerderverein-steelers.de\/wp-content\/uploads\/2024\/10\/000110-300x169.jpg 300w, https:\/\/foerderverein-steelers.de\/wp-content\/uploads\/2024\/10\/000110-768x432.jpg 768w\" sizes=\"auto, (max-width: 767px) 89vw, (max-width: 1000px) 54vw, (max-width: 1071px) 543px, 580px\" \/><\/figure>\n\n\n\n<p>Treffpunkt der Eishockeyfamilie direkt neben der Eishalle<\/p>\n\n\n\n<p>In der gem\u00fctlichen Atmosph\u00e4re unserer Eishockeyfamilie bieten wir allen Mitglieder und G\u00e4sten vor oder nach dem Spiel Essen und Getr\u00e4nke. Es ist immer Zeit f\u00fcr fachliche Diskussionen \u00fcber unseren schnellen Mannschaftssport.<br>Die Spieler der 1. Mannschaft f\u00fchlen sich bei uns wohl und kommen regelm\u00e4\u00dfig nach dem Spiel bei uns zum Essen vorbei.<br>Selbstverst\u00e4ndlich ist es auch der ideale Ort f\u00fcr alle anderen Veranstaltungen unseres Vereins wie Skatturniere, Silvesterfeiern usw.<\/p>\n","protected":false},"excerpt":{"rendered":"<p>Treffpunkt der Eishockeyfamilie direkt neben der Eishalle In der gem\u00fctlichen Atmosph\u00e4re unserer Eishockeyfamilie bieten wir allen Mitglieder und G\u00e4sten vor oder nach dem Spiel Essen und Getr\u00e4nke. Es ist immer Zeit f\u00fcr fachliche Diskussionen \u00fcber unseren schnellen Mannschaftssport.Die Spieler der 1. Mannschaft f\u00fchlen sich bei uns wohl und kommen regelm\u00e4\u00dfig nach dem Spiel bei uns &hellip; <\/p>\n<p class=\"link-more\"><a href=\"https:\/\/foerderverein-steelers.de\/\" class=\"more-link\"><span class=\"screen-reader-text\">\u201eDas Overtime &#8211; Vereinsheim des F\u00f6rdervereins\u201c<\/span> weiterlesen<\/a><\/p>\n","protected":false},"author":1,"featured_media":0,"parent":0,"menu_order":0,"comment_status":"closed","ping_status":"closed","template":"","meta":{"ngg_post_thumbnail":0,"footnotes":""},"class_list":["post-2","page","type-page","status-publish","hentry"],"_links":{"self":[{"href":"https:\/\/foerderverein-steelers.de\/index.php?rest_route=\/wp\/v2\/pages\/2","targetHints":{"allow":["GET"]}}],"collection":[{"href":"https:\/\/foerderverein-steelers.de\/index.php?rest_route=\/wp\/v2\/pages"}],"about":[{"href":"https:\/\/foerderverein-steelers.de\/index.php?rest_route=\/wp\/v2\/types\/page"}],"author":[{"embeddable":true,"href":"https:\/\/foerderverein-steelers.de\/index.php?rest_route=\/wp\/v2\/users\/1"}],"replies":[{"embeddable":true,"href":"https:\/\/foerderverein-steelers.de\/index.php?rest_route=%2Fwp%2Fv2%2Fcomments&post=2"}],"version-history":[{"count":24,"href":"https:\/\/foerderverein-steelers.de\/index.php?rest_route=\/wp\/v2\/pages\/2\/revisions"}],"predecessor-version":[{"id":1155,"href":"https:\/\/foerderverein-steelers.de\/index.php?rest_route=\/wp\/v2\/pages\/2\/revisions\/1155"}],"wp:attachment":[{"href":"https:\/\/foerderverein-steelers.de\/index.php?rest_route=%2Fwp%2Fv2%2Fmedia&parent=2"}],"curies":[{"name":"wp","href":"https:\/\/api.w.org\/{rel}","templated":true}]}}